{"id":94,"date":"2020-05-15T20:15:38","date_gmt":"2020-05-15T20:15:38","guid":{"rendered":"https:\/\/demosites.io\/yoga-studio-gb\/?page_id=94"},"modified":"2025-09-15T09:13:56","modified_gmt":"2025-09-15T09:13:56","slug":"hem","status":"publish","type":"page","link":"https:\/\/alltomgarden.se\/","title":{"rendered":"Hem"},"content":{"rendered":"\n<div id=\"wp-block-themeisle-blocks-advanced-columns-c66cca8a\" class=\"wp-block-themeisle-blocks-advanced-columns alignfull has-1-columns has-desktop-equal-layout has-tablet-equal-layout has-mobile-equal-layout has-vertical-unset\"><div class=\"wp-block-themeisle-blocks-advanced-columns-overlay\"><\/div><div class=\"innerblocks-wrap\">\n<div id=\"wp-block-themeisle-blocks-advanced-column-38b46dce\" class=\"wp-block-themeisle-blocks-advanced-column\">\n<h1 class=\"wp-block-heading has-text-align-center has-nv-text-dark-bg-color has-text-color\">Hem &amp; tr\u00e4dg\u00e5rd<\/h1>\n\n\n\n<div id=\"wp-block-themeisle-blocks-advanced-columns-a013e2b7\" class=\"wp-block-themeisle-blocks-advanced-columns has-3-columns has-desktop-equal-layout has-tablet-equal-layout has-mobile-collapsedRows-layout has-vertical-unset\"><div class=\"wp-block-themeisle-blocks-advanced-columns-overlay\"><\/div><div class=\"innerblocks-wrap\">\n<div id=\"wp-block-themeisle-blocks-advanced-column-3a9b4d18\" class=\"wp-block-themeisle-blocks-advanced-column animated fadeInUp\">\n<div style=\"height:220px\" aria-hidden=\"true\" class=\"wp-block-spacer\"><\/div>\n<\/div>\n\n\n\n<div id=\"wp-block-themeisle-blocks-advanced-column-a906f33f\" class=\"wp-block-themeisle-blocks-advanced-column animated fadeInUp\">\n<div style=\"height:220px\" aria-hidden=\"true\" class=\"wp-block-spacer\"><\/div>\n<\/div>\n\n\n\n<div id=\"wp-block-themeisle-blocks-advanced-column-39bf46bf\" class=\"wp-block-themeisle-blocks-advanced-column animated fadeInRight\">\n<div style=\"height:220px\" aria-hidden=\"true\" class=\"wp-block-spacer\"><\/div>\n<\/div>\n<\/div><\/div>\n\n\n\n<p class=\"has-text-align-center has-nv-text-dark-bg-color has-text-color\">Vi hoppas kunna inspirera dig till ett vackert hem, b\u00e5de utomhus och innomhus.<\/p>\n<\/div>\n<\/div><\/div>\n\n\n\n<div id=\"wp-block-themeisle-blocks-advanced-columns-a0467e79\" class=\"wp-block-themeisle-blocks-advanced-columns alignfull has-2-columns has-desktop-oneTwo-layout has-tablet-equal-layout has-mobile-collapsedRows-layout has-vertical-center has-light-bg\"><div class=\"wp-block-themeisle-blocks-advanced-columns-overlay\"><\/div><div class=\"innerblocks-wrap\">\n<div id=\"wp-block-themeisle-blocks-advanced-column-0a334cee\" class=\"wp-block-themeisle-blocks-advanced-column\">\n<h4 class=\"wp-block-heading has-neve-button-color-color has-text-color\"><strong>Allt om g\u00e5rden<\/strong><\/h4>\n\n\n\n<h2 class=\"wp-block-heading\">Inspiration f\u00f6r ett vackert hem<\/h2>\n\n\n\n<p>V\u00e5r m\u00e5ls\u00e4ttning \u00e4r att inspirera dig till ett vackert hem \u00e5ret runt. Vi anpassar v\u00e5rt breda v\u00e4xtsortiment efter s\u00e4song och letar st\u00e4ndigt efter sp\u00e4nnande nyheter och nya id\u00e9er f\u00f6r v\u00e5ra kunder. Hos oss kan du dessutom uppt\u00e4cka ovanliga sorter som inte alltid finns att hitta p\u00e5 andra st\u00e4llen.<\/p>\n\n\n\n<div class=\"wp-block-buttons is-layout-flex wp-block-buttons-is-layout-flex\">\n<div class=\"wp-block-button is-style-primary\"><a class=\"wp-block-button__link has-neve-button-color-background-color has-background wp-element-button\" href=\"https:\/\/alltomgarden.se\/?page_id=111\" rel=\"https:\/\/alltomgarden.se\/classes\/\">Till bloggen<\/a><\/div>\n<\/div>\n<\/div>\n\n\n\n<div id=\"wp-block-themeisle-blocks-advanced-column-bbb02966\" class=\"wp-block-themeisle-blocks-advanced-column\">\n<figure class=\"wp-block-image size-large\"><img loading=\"lazy\" decoding=\"async\" width=\"683\" height=\"1024\" src=\"https:\/\/alltomgarden.se\/wp-content\/uploads\/2025\/09\/jonathan-kemper-CbZh3kaPxrE-unsplash-683x1024.jpg\" alt=\"planterar v\u00e4xt\" class=\"wp-image-211\" srcset=\"https:\/\/alltomgarden.se\/wp-content\/uploads\/2025\/09\/jonathan-kemper-CbZh3kaPxrE-unsplash-683x1024.jpg 683w, https:\/\/alltomgarden.se\/wp-content\/uploads\/2025\/09\/jonathan-kemper-CbZh3kaPxrE-unsplash-200x300.jpg 200w, https:\/\/alltomgarden.se\/wp-content\/uploads\/2025\/09\/jonathan-kemper-CbZh3kaPxrE-unsplash-768x1152.jpg 768w, https:\/\/alltomgarden.se\/wp-content\/uploads\/2025\/09\/jonathan-kemper-CbZh3kaPxrE-unsplash-1024x1536.jpg 1024w, https:\/\/alltomgarden.se\/wp-content\/uploads\/2025\/09\/jonathan-kemper-CbZh3kaPxrE-unsplash-1365x2048.jpg 1365w, https:\/\/alltomgarden.se\/wp-content\/uploads\/2025\/09\/jonathan-kemper-CbZh3kaPxrE-unsplash-scaled.jpg 1707w\" sizes=\"auto, (max-width: 683px) 100vw, 683px\" \/><\/figure>\n<\/div>\n<\/div><\/div>\n\n\n\n<div id=\"wp-block-themeisle-blocks-advanced-columns-7ba7d6c5\" class=\"wp-block-themeisle-blocks-advanced-columns alignfull has-1-columns has-desktop-equal-layout has-tablet-equal-layout has-mobile-equal-layout has-vertical-unset has-light-bg\"><div class=\"wp-block-themeisle-blocks-advanced-columns-overlay\"><\/div><div class=\"innerblocks-wrap\">\n<div id=\"wp-block-themeisle-blocks-advanced-column-595d406b\" class=\"wp-block-themeisle-blocks-advanced-column\">\n<h2 class=\"wp-block-heading has-text-align-center\">Vad skriver vi om?<\/h2>\n<\/div>\n<\/div><\/div>\n\n\n\n<div id=\"wp-block-themeisle-blocks-advanced-columns-7701d3d7\" class=\"wp-block-themeisle-blocks-advanced-columns alignfull has-3-columns has-desktop-equal-layout has-tablet-equal-layout has-mobile-collapsedRows-layout has-vertical-unset has-light-bg\"><div class=\"wp-block-themeisle-blocks-advanced-columns-overlay\"><\/div><div class=\"innerblocks-wrap\">\n<div id=\"wp-block-themeisle-blocks-advanced-column-13d4f956\" class=\"wp-block-themeisle-blocks-advanced-column has-light-bg\">\n<div class=\"wp-block-themeisle-blocks-service\">\n<div id=\"wp-block-themeisle-blocks-font-awesome-icons-c4bb8156\" class=\"wp-block-themeisle-blocks-font-awesome-icons\"><span class=\"wp-block-themeisle-blocks-font-awesome-icons-container\"><i class=\"fas fa-house-user\"><\/i><\/span><\/div>\n\n\n\n<h3 class=\"wp-block-heading has-text-align-center\">Inredning<\/h3>\n\n\n\n<p class=\"has-text-align-center\">Enkla id\u00e9er och inspiration f\u00f6r att skapa ett personligt och harmoniskt hem.<\/p>\n<\/div>\n<\/div>\n\n\n\n<div id=\"wp-block-themeisle-blocks-advanced-column-6f411ab5\" class=\"wp-block-themeisle-blocks-advanced-column has-light-bg\">\n<div id=\"wp-block-themeisle-blocks-font-awesome-icons-b23f5e28\" class=\"wp-block-themeisle-blocks-font-awesome-icons\"><span class=\"wp-block-themeisle-blocks-font-awesome-icons-container\"><i class=\"fas fa-leaf\"><\/i><\/span><\/div>\n\n\n\n<h3 class=\"wp-block-heading has-text-align-center\">Tr\u00e4dg\u00e5rd<\/h3>\n\n\n\n<p class=\"has-text-align-center\">R\u00e5d och tips som hj\u00e4lper dig att odla, plantera och njuta av din tr\u00e4dg\u00e5rd \u00e5ret runt.<\/p>\n<\/div>\n\n\n\n<div id=\"wp-block-themeisle-blocks-advanced-column-ca5863bc\" class=\"wp-block-themeisle-blocks-advanced-column has-light-bg\">\n<div id=\"wp-block-themeisle-blocks-font-awesome-icons-14d6ba26\" class=\"wp-block-themeisle-blocks-font-awesome-icons\"><span class=\"wp-block-themeisle-blocks-font-awesome-icons-container\"><i class=\"fas fa-infinity\"><\/i><\/span><\/div>\n\n\n\n<h3 class=\"wp-block-heading has-text-align-center\">Underh\u00e5ll<\/h3>\n\n\n\n<p class=\"has-text-align-center\">Smarta knep f\u00f6r att h\u00e5lla b\u00e5de hem och tr\u00e4dg\u00e5rd i toppskick med mindre anstr\u00e4ngning.<\/p>\n<\/div>\n<\/div><\/div>\n\n\n\n<div id=\"wp-block-themeisle-blocks-advanced-columns-4b23d2a7\" class=\"wp-block-themeisle-blocks-advanced-columns alignfull has-1-columns has-desktop-equal-layout has-tablet-equal-layout has-mobile-equal-layout has-vertical-unset has-dark-bg\"><div class=\"wp-block-themeisle-blocks-advanced-columns-overlay\"><\/div><div class=\"innerblocks-wrap\">\n<div id=\"wp-block-themeisle-blocks-advanced-column-bb15f75a\" class=\"wp-block-themeisle-blocks-advanced-column\">\n<div id=\"wp-block-themeisle-blocks-font-awesome-icons-de851078\" class=\"wp-block-themeisle-blocks-font-awesome-icons\"><span class=\"wp-block-themeisle-blocks-font-awesome-icons-container\"><i class=\"fas fa-spa\"><\/i><\/span><\/div>\n\n\n\n<h2 class=\"wp-block-heading has-text-align-center has-nv-text-dark-bg-color has-text-color\">Bli inspirerad av v\u00e5r expertis!<\/h2>\n\n\n\n<hr class=\"wp-block-separator has-text-color has-nv-text-dark-bg-color has-css-opacity has-nv-text-dark-bg-background-color has-background\"\/>\n\n\n\n<div class=\"wp-block-buttons is-horizontal is-content-justification-center is-layout-flex wp-container-core-buttons-is-layout-499968f5 wp-block-buttons-is-layout-flex\">\n<div class=\"wp-block-button is-style-primary\"><a class=\"wp-block-button__link has-neve-btn-bg-hover-background-color has-background wp-element-button\" href=\"https:\/\/alltomgarden.se\/?page_id=111\" rel=\"I want to join for a free course\">L\u00e4s mer<\/a><\/div>\n<\/div>\n<\/div>\n<\/div><\/div>\n\n\n\n<div id=\"wp-block-themeisle-blocks-advanced-columns-c8acd77c\" class=\"wp-block-themeisle-blocks-advanced-columns alignfull has-3-columns has-desktop-equal-layout has-tablet-equal-layout has-mobile-collapsedRows-layout has-vertical-unset has-light-bg\"><div class=\"wp-block-themeisle-blocks-advanced-columns-overlay\"><\/div><div class=\"innerblocks-wrap\">\n<div id=\"wp-block-themeisle-blocks-advanced-column-081b3307\" class=\"wp-block-themeisle-blocks-advanced-column\">\n<h4 class=\"wp-block-heading has-neve-button-color-color has-text-color\"><strong>Recensioner<\/strong><\/h4>\n\n\n\n<h2 class=\"wp-block-heading\">Vad s\u00e4ger v\u00e5ra l\u00e4sare<\/h2>\n<\/div>\n\n\n\n<div id=\"wp-block-themeisle-blocks-advanced-column-7580aa32\" class=\"wp-block-themeisle-blocks-advanced-column\">\n<div id=\"wp-block-themeisle-blocks-icon-list-44b93baf\" class=\"wp-block-themeisle-blocks-icon-list is-style-horizontal ticss-b6c7ec6f\">\n<div id=\"wp-block-themeisle-blocks-icon-list-item-cad7ed02\" class=\"wp-block-themeisle-blocks-icon-list-item\"><i class=\"fas fa-star wp-block-themeisle-blocks-icon-list-item-icon-custom\"><\/i><p class=\"wp-block-themeisle-blocks-icon-list-item-content\">List item 5<\/p><\/div>\n\n\n\n<div id=\"wp-block-themeisle-blocks-icon-list-item-f29ef0a3\" class=\"wp-block-themeisle-blocks-icon-list-item\"><i class=\"fas fa-star wp-block-themeisle-blocks-icon-list-item-icon-custom\"><\/i><p class=\"wp-block-themeisle-blocks-icon-list-item-content\">List item 5<\/p><\/div>\n\n\n\n<div id=\"wp-block-themeisle-blocks-icon-list-item-fa7e2e77\" class=\"wp-block-themeisle-blocks-icon-list-item\"><i class=\"fas fa-star wp-block-themeisle-blocks-icon-list-item-icon-custom\"><\/i><p class=\"wp-block-themeisle-blocks-icon-list-item-content\">List item 5<\/p><\/div>\n\n\n\n<div id=\"wp-block-themeisle-blocks-icon-list-item-3430e63a\" class=\"wp-block-themeisle-blocks-icon-list-item\"><i class=\"fas fa-star wp-block-themeisle-blocks-icon-list-item-icon-custom\"><\/i><p class=\"wp-block-themeisle-blocks-icon-list-item-content\">List item 5<\/p><\/div>\n\n\n\n<div id=\"wp-block-themeisle-blocks-icon-list-item-2f353fdf\" class=\"wp-block-themeisle-blocks-icon-list-item\"><i class=\"fas fa-star wp-block-themeisle-blocks-icon-list-item-icon-custom\"><\/i><p class=\"wp-block-themeisle-blocks-icon-list-item-content\">List item 5<\/p><\/div>\n<\/div>\n\n\n\n<p>Bloggen \u00e4r full av smarta tips och vacker inspiration. Jag har f\u00e5tt s\u00e5 m\u00e5nga id\u00e9er till b\u00e5de tr\u00e4dg\u00e5rden och inredningen hemma!<\/p>\n\n\n\n<h6 id=\"wp-block-themeisle-blocks-advanced-heading-4ce8af98\" class=\"wp-block-themeisle-blocks-advanced-heading wp-block-themeisle-blocks-advanced-heading-4ce8af98\"><strong>Bes\u00f6kare<\/strong><\/h6>\n<\/div>\n\n\n\n<div id=\"wp-block-themeisle-blocks-advanced-column-1e721d0e\" class=\"wp-block-themeisle-blocks-advanced-column\">\n<div id=\"wp-block-themeisle-blocks-icon-list-357421af\" class=\"wp-block-themeisle-blocks-icon-list is-style-horizontal ticss-a34b6785\">\n<div id=\"wp-block-themeisle-blocks-icon-list-item-b9c9a1bc\" class=\"wp-block-themeisle-blocks-icon-list-item\"><i class=\"fas fa-star wp-block-themeisle-blocks-icon-list-item-icon-custom\"><\/i><p class=\"wp-block-themeisle-blocks-icon-list-item-content\">List item 5<\/p><\/div>\n\n\n\n<div id=\"wp-block-themeisle-blocks-icon-list-item-20266b48\" class=\"wp-block-themeisle-blocks-icon-list-item\"><i class=\"fas fa-star wp-block-themeisle-blocks-icon-list-item-icon-custom\"><\/i><p class=\"wp-block-themeisle-blocks-icon-list-item-content\">List item 5<\/p><\/div>\n\n\n\n<div id=\"wp-block-themeisle-blocks-icon-list-item-82a33d51\" class=\"wp-block-themeisle-blocks-icon-list-item\"><i class=\"fas fa-star wp-block-themeisle-blocks-icon-list-item-icon-custom\"><\/i><p class=\"wp-block-themeisle-blocks-icon-list-item-content\">List item 5<\/p><\/div>\n\n\n\n<div id=\"wp-block-themeisle-blocks-icon-list-item-e53b6f4e\" class=\"wp-block-themeisle-blocks-icon-list-item\"><i class=\"fas fa-star wp-block-themeisle-blocks-icon-list-item-icon-custom\"><\/i><p class=\"wp-block-themeisle-blocks-icon-list-item-content\">List item 5<\/p><\/div>\n\n\n\n<div id=\"wp-block-themeisle-blocks-icon-list-item-017b71d0\" class=\"wp-block-themeisle-blocks-icon-list-item\"><i class=\"fas fa-star wp-block-themeisle-blocks-icon-list-item-icon-custom\"><\/i><p class=\"wp-block-themeisle-blocks-icon-list-item-content\">List item 5<\/p><\/div>\n<\/div>\n\n\n\n<p>\u00c4lskar hur ni blandar praktiska r\u00e5d med stilfulla bilder, det g\u00f6r det b\u00e5de roligt och enkelt att ta hand om hem och tr\u00e4dg\u00e5rd.<\/p>\n\n\n\n<h6 id=\"wp-block-themeisle-blocks-advanced-heading-4334554b\" class=\"wp-block-themeisle-blocks-advanced-heading wp-block-themeisle-blocks-advanced-heading-4334554b\"><strong>Bes\u00f6kare<\/strong><\/h6>\n<\/div>\n<\/div><\/div>\n","protected":false},"excerpt":{"rendered":"","protected":false},"author":1,"featured_media":207,"parent":0,"menu_order":0,"comment_status":"closed","ping_status":"closed","template":"page-templates\/template-pagebuilder-full-width.php","meta":{"neve_meta_sidebar":"full-width","neve_meta_container":"","neve_meta_enable_content_width":"on","neve_meta_content_width":100,"neve_meta_title_alignment":"","neve_meta_author_avatar":"","neve_post_elements_order":"","neve_meta_disable_header":"","neve_meta_disable_footer":"","neve_meta_disable_title":"on","_themeisle_gutenberg_block_has_review":false,"footnotes":""},"class_list":["post-94","page","type-page","status-publish","has-post-thumbnail","hentry"],"_links":{"self":[{"href":"https:\/\/alltomgarden.se\/index.php?rest_route=\/wp\/v2\/pages\/94","targetHints":{"allow":["GET"]}}],"collection":[{"href":"https:\/\/alltomgarden.se\/index.php?rest_route=\/wp\/v2\/pages"}],"about":[{"href":"https:\/\/alltomgarden.se\/index.php?rest_route=\/wp\/v2\/types\/page"}],"author":[{"embeddable":true,"href":"https:\/\/alltomgarden.se\/index.php?rest_route=\/wp\/v2\/users\/1"}],"replies":[{"embeddable":true,"href":"https:\/\/alltomgarden.se\/index.php?rest_route=%2Fwp%2Fv2%2Fcomments&post=94"}],"version-history":[{"count":7,"href":"https:\/\/alltomgarden.se\/index.php?rest_route=\/wp\/v2\/pages\/94\/revisions"}],"predecessor-version":[{"id":222,"href":"https:\/\/alltomgarden.se\/index.php?rest_route=\/wp\/v2\/pages\/94\/revisions\/222"}],"wp:featuredmedia":[{"embeddable":true,"href":"https:\/\/alltomgarden.se\/index.php?rest_route=\/wp\/v2\/media\/207"}],"wp:attachment":[{"href":"https:\/\/alltomgarden.se\/index.php?rest_route=%2Fwp%2Fv2%2Fmedia&parent=94"}],"curies":[{"name":"wp","href":"https:\/\/api.w.org\/{rel}","templated":true}]}}